{"id":25054,"date":"2021-11-11T16:26:45","date_gmt":"2021-11-11T16:26:45","guid":{"rendered":"https:\/\/cela.edu.mx\/preparatoria\/?page_id=25054"},"modified":"2025-02-10T14:16:56","modified_gmt":"2025-02-10T14:16:56","slug":"curriculum","status":"publish","type":"page","link":"https:\/\/cela.edu.mx\/preparatoria\/curriculum\/","title":{"rendered":"CURRICULUM"},"content":{"rendered":"<div class=\"wpb-content-wrapper\"><p>[vc_row full_width=&#8221;stretch_row_content&#8221; content_placement=&#8221;middle&#8221;][vc_column]<div class=\"centered-box gem-image-centered-box\" ><div class=\"gem-image gem-wrapbox gem-wrapbox-style-default gem-wrapbox-position-centered  thegem-custom-69fb324464f876128\"  style=\"width: 50%;height: 50%;\" ><div class=\"gem-wrapbox-inner \" ><a href=\"https:\/\/cela.edu.mx\/preparatoria\/wp-content\/uploads\/2024\/09\/MAPA-2024-PARA-PAGINA-WEB.png\" class=\"fancybox\"><img class=\"gem-wrapbox-element img-responsive\" src=\"https:\/\/cela.edu.mx\/preparatoria\/wp-content\/uploads\/2024\/09\/MAPA-2024-PARA-PAGINA-WEB.png\" alt=\"\"\/><\/a><\/div><\/div><\/div>[\/vc_column][\/vc_row][vc_row][vc_column][vc_column_text]<\/p>\n<p style=\"text-align: center;\">La Preparatoria CELA cuenta con Reconocimiento de validez oficial de estudios expendido por la SEP, por lo tanto, est\u00e1 sujeta a las adaptaciones y ajustes en el programa de estudios que, con motivo de la actualizaci\u00f3n del Marco Curricular Com\u00fan de la Educaci\u00f3n Media Superior, puedan darse seg\u00fan se\u00f1ala el Acuerdo 17\/08\/22 del Diario Oficial de la Federaci\u00f3n del 2 de septiembre de 2022.<\/p>\n<p>[\/vc_column_text][\/vc_column][\/vc_row]<\/p>\n<\/div>","protected":false},"excerpt":{"rendered":"<p>[vc_row full_width=&#8221;stretch_row_content&#8221; content_placement=&#8221;middle&#8221;][vc_column][\/vc_column][\/vc_row][vc_row][vc_column][vc_column_text] La Preparatoria CELA cuenta con Reconocimiento de validez oficial de estudios expendido por la SEP, por lo&#8230;<\/p>\n","protected":false},"author":1,"featured_media":0,"parent":0,"menu_order":0,"comment_status":"closed","ping_status":"closed","template":"","meta":{"footnotes":""},"class_list":["post-25054","page","type-page","status-publish"],"_links":{"self":[{"href":"https:\/\/cela.edu.mx\/preparatoria\/wp-json\/wp\/v2\/pages\/25054","targetHints":{"allow":["GET"]}}],"collection":[{"href":"https:\/\/cela.edu.mx\/preparatoria\/wp-json\/wp\/v2\/pages"}],"about":[{"href":"https:\/\/cela.edu.mx\/preparatoria\/wp-json\/wp\/v2\/types\/page"}],"author":[{"embeddable":true,"href":"https:\/\/cela.edu.mx\/preparatoria\/wp-json\/wp\/v2\/users\/1"}],"replies":[{"embeddable":true,"href":"https:\/\/cela.edu.mx\/preparatoria\/wp-json\/wp\/v2\/comments?post=25054"}],"version-history":[{"count":0,"href":"https:\/\/cela.edu.mx\/preparatoria\/wp-json\/wp\/v2\/pages\/25054\/revisions"}],"wp:attachment":[{"href":"https:\/\/cela.edu.mx\/preparatoria\/wp-json\/wp\/v2\/media?parent=25054"}],"curies":[{"name":"wp","href":"https:\/\/api.w.org\/{rel}","templated":true}]}}