{"id":24984,"date":"2021-11-11T03:44:02","date_gmt":"2021-11-11T03:44:02","guid":{"rendered":"https:\/\/cela.edu.mx\/preparatoria\/?page_id=24984"},"modified":"2025-02-11T16:08:24","modified_gmt":"2025-02-11T16:08:24","slug":"logros","status":"publish","type":"page","link":"https:\/\/cela.edu.mx\/preparatoria\/logros\/","title":{"rendered":"LOGROS Y CONVENIOS"},"content":{"rendered":"<div class=\"wpb-content-wrapper\"><p>[vc_row full_width=&#8221;stretch_row_content_no_spaces&#8221; css=&#8221;.vc_custom_1636602338862{margin-top: 0px !important;padding-top: 0px !important;}&#8221;][vc_column][vc_row_inner][vc_column_inner width=&#8221;2\/3&#8243;][vc_images_carousel images=&#8221;25016,25017,25018,25019,25020,25021,25022,25023,25024&#8243; img_size=&#8221;large&#8221; onclick=&#8221;link_no&#8221; speed=&#8221;2000&#8243; autoplay=&#8221;yes&#8221; hide_pagination_control=&#8221;yes&#8221; wrap=&#8221;yes&#8221;][\/vc_column_inner][vc_column_inner width=&#8221;1\/3&#8243;][vc_column_text css=&#8221;.vc_custom_1636662082167{margin-top: 5% !important;margin-right: 5% !important;padding-top: 5% !important;padding-right: 5% !important;}&#8221;]<\/p>\n<h3 style=\"text-align: center;\">CONVENIOS<\/h3>\n<p style=\"text-align: justify;\">Como parte de la formaci\u00f3n integral que se ofrece a los estudiantes, la Preparatoria CELA ha establecido convenios con diversas instituciones que nos apoyan en el desarrollo y crecimiento de los estudiantes en tres \u00e1reas principales:<\/p>\n<p style=\"text-align: left;\">a) Ingreso preferencial y becas a trav\u00e9s de convenios con Universidades<br \/>\nb) Evaluaciones externas y certificaciones<br \/>\nc) Programas de intercambio internacionales<\/p>\n<p style=\"text-align: left;\">Ingreso preferencial y becas a trav\u00e9s de convenios con Universidades:<\/p>\n<p style=\"text-align: left;\">Tenemos convenios con diversas universidades locales y nacionales que ofrecen a nuestros alumnos y alumnas becas, ex\u00e1menes con fechas anticipadas o con pase directo a programas de educaci\u00f3n superior. Entre las Instituciones de educaci\u00f3n superior con las que trabajamos se encuentran: UDLAP; Tec de Monterrey, Universidad Marista, Universidad Modelo, EBC, Universidad An\u00e1huac- Mayab, Vatel.<\/p>\n<p>[\/vc_column_text][\/vc_column_inner][\/vc_row_inner][vc_row_inner][vc_column_inner width=&#8221;1\/2&#8243;][vc_single_image image=&#8221;25175&#8243; img_size=&#8221;medium&#8221; alignment=&#8221;center&#8221;][vc_column_text css=&#8221;.vc_custom_1636642846666{margin-right: 5% !important;margin-left: 5% !important;padding-right: 5% !important;padding-left: 5% !important;}&#8221;]<\/p>\n<h5 style=\"text-align: center;\">Programas de intercambio<\/h5>\n<p style=\"text-align: justify;\">La Preparatoria CELA ofrece todas las facilidades y consejer\u00eda necesaria para los alumnos que optan por cursar alg\u00fan a\u00f1o completo de preparatoria en el extranjero con la validaci\u00f3n de las autoridades educativas estatales. Para facilidad de los usuarios tenemos convenio con instituciones que gestionan diversos programas de intercambio de acuerdo a las necesidades de cada joven y sus familias.<\/p>\n<p>[\/vc_column_text][\/vc_column_inner][vc_column_inner width=&#8221;1\/2&#8243;][vc_single_image image=&#8221;25176&#8243; img_size=&#8221;medium&#8221; alignment=&#8221;center&#8221;][vc_column_text css=&#8221;.vc_custom_1636643291573{margin-right: 5% !important;padding-right: 5% !important;}&#8221;]<\/p>\n<h5 style=\"text-align: center;\">Evaluaciones externas y certificaciones<\/h5>\n<p style=\"text-align: justify;\">En el \u00e1rea del idioma ingl\u00e9s somos Centro de Certificaci\u00f3n de la Universidad de Cambridge a trav\u00e9s del Consejo Brit\u00e1nico en M\u00e9xico.Contamos con la certificaci\u00f3n de Oxford University.<br \/>\nEn el \u00e1rea de espa\u00f1ol la red de Universidades An\u00e1huac cada a\u00f1o aplica a los estudiantes ex\u00e1menes de admisi\u00f3n en fecha anticipada que nos permiten conocer los resultados y el avance de nuestros alumnos.<br \/>\nTrabajamos con CENEVAL en la aplicaci\u00f3n de ex\u00e1menes de admisi\u00f3n.<\/p>\n<p>[\/vc_column_text][\/vc_column_inner][\/vc_row_inner][vc_row_inner css=&#8221;.vc_custom_1739290096845{background-image: url(https:\/\/cela.edu.mx\/preparatoria\/wp-content\/uploads\/2021\/11\/FONDOGRA\u0301FICA-scaled.jpg?id=24842) !important;background-position: center !important;background-repeat: no-repeat !important;background-size: cover !important;}&#8221;][vc_column_inner width=&#8221;1\/4&#8243;][vc_single_image image=&#8221;25820&#8243; img_size=&#8221;full&#8221; css=&#8221;&#8221;][\/vc_column_inner][vc_column_inner width=&#8221;1\/4&#8243;][vc_single_image image=&#8221;25821&#8243; img_size=&#8221;full&#8221; css=&#8221;&#8221;][\/vc_column_inner][vc_column_inner width=&#8221;1\/4&#8243;][vc_single_image image=&#8221;25822&#8243; img_size=&#8221;full&#8221; css=&#8221;&#8221;][\/vc_column_inner][vc_column_inner width=&#8221;1\/4&#8243;][vc_single_image image=&#8221;25824&#8243; img_size=&#8221;full&#8221; css=&#8221;&#8221;][\/vc_column_inner][\/vc_row_inner][\/vc_column][\/vc_row]<\/p>\n<\/div>","protected":false},"excerpt":{"rendered":"<p>[vc_row full_width=&#8221;stretch_row_content_no_spaces&#8221; css=&#8221;.vc_custom_1636602338862{margin-top: 0px !important;padding-top: 0px !important;}&#8221;][vc_column][vc_row_inner][vc_column_inner width=&#8221;2\/3&#8243;][vc_images_carousel images=&#8221;25016,25017,25018,25019,25020,25021,25022,25023,25024&#8243; img_size=&#8221;large&#8221; onclick=&#8221;link_no&#8221; speed=&#8221;2000&#8243; autoplay=&#8221;yes&#8221; hide_pagination_control=&#8221;yes&#8221; wrap=&#8221;yes&#8221;][\/vc_column_inner][vc_column_inner width=&#8221;1\/3&#8243;][vc_column_text css=&#8221;.vc_custom_1636662082167{margin-top: 5% !important;margin-right: 5%&#8230;<\/p>\n","protected":false},"author":1,"featured_media":0,"parent":0,"menu_order":0,"comment_status":"closed","ping_status":"closed","template":"","meta":{"footnotes":""},"class_list":["post-24984","page","type-page","status-publish"],"_links":{"self":[{"href":"https:\/\/cela.edu.mx\/preparatoria\/wp-json\/wp\/v2\/pages\/24984","targetHints":{"allow":["GET"]}}],"collection":[{"href":"https:\/\/cela.edu.mx\/preparatoria\/wp-json\/wp\/v2\/pages"}],"about":[{"href":"https:\/\/cela.edu.mx\/preparatoria\/wp-json\/wp\/v2\/types\/page"}],"author":[{"embeddable":true,"href":"https:\/\/cela.edu.mx\/preparatoria\/wp-json\/wp\/v2\/users\/1"}],"replies":[{"embeddable":true,"href":"https:\/\/cela.edu.mx\/preparatoria\/wp-json\/wp\/v2\/comments?post=24984"}],"version-history":[{"count":0,"href":"https:\/\/cela.edu.mx\/preparatoria\/wp-json\/wp\/v2\/pages\/24984\/revisions"}],"wp:attachment":[{"href":"https:\/\/cela.edu.mx\/preparatoria\/wp-json\/wp\/v2\/media?parent=24984"}],"curies":[{"name":"wp","href":"https:\/\/api.w.org\/{rel}","templated":true}]}}