{"id":24800,"date":"2021-11-10T03:44:06","date_gmt":"2021-11-10T03:44:06","guid":{"rendered":"https:\/\/cela.edu.mx\/preparatoria\/?page_id=24800"},"modified":"2026-03-27T16:39:15","modified_gmt":"2026-03-27T16:39:15","slug":"inicio-2","status":"publish","type":"page","link":"https:\/\/cela.edu.mx\/preparatoria\/","title":{"rendered":"INICIO"},"content":{"rendered":"<div class=\"wpb-content-wrapper\"><p>[vc_row full_width=&#8221;stretch_row_content_no_spaces&#8221;][vc_column][vc_row_inner][vc_column_inner][\/vc_column_inner]<div id=\"fullwidth-block-69f262306aff0\" class=\"fullwidth-block clearfix\"  style=\"height: 100vh\"><script type=\"text\/javascript\">if (typeof(gem_fix_fullwidth_position) == \"function\") { gem_fix_fullwidth_position(document.getElementById(\"fullwidth-block-69f262306aff0\")); }<\/script><div class=\"gem-video-background\" data-aspect-ratio=\"16:9\"><div class=\"gem-video-background-inner\"><iframe id=\"thegem-video-frame-69f262306abfa9436\" class=\"gem-video-background-iframe\" src=\"\/\/player.vimeo.com\/video\/906747090?autoplay=1&#038;muted=1&#038;controls=0&#038;loop=1&#038;title=0&#038;badge=0&#038;byline=0&#038;autopause=0\" frameborder=\"0\" muted=\"muted\"><\/iframe><\/div><div class=\"gem-video-background-overlay\" style=\"\"><\/div><\/div><div class=\"fullwidth-block-inner\"><\/div><\/div>[\/vc_row_inner][vc_column_inner][\/vc_column_inner][vc_row_inner][vc_column_inner][\/vc_column_inner][vc_single_image image=&#8221;25959&#8243; img_size=&#8221;full&#8221; alignment=&#8221;center&#8221; css=&#8221;&#8221; css_animation=&#8221;fadeInUp&#8221;][\/vc_row_inner][vc_column_inner][\/vc_column_inner][vc_single_image image=&#8221;25963&#8243; img_size=&#8221;full&#8221; css=&#8221;&#8221; css_animation=&#8221;fadeInDownBig&#8221;][vc_row_inner equal_height=&#8221;yes&#8221; content_placement=&#8221;middle&#8221;][vc_column_inner][vc_single_image image=&#8221;25965&#8243; img_size=&#8221;full&#8221; alignment=&#8221;center&#8221; css=&#8221;&#8221;][\/vc_column_inner][vc_column_inner width=&#8221;1\/3&#8243;][vc_single_image image=&#8221;25966&#8243; img_size=&#8221;large&#8221; css=&#8221;&#8221; css_animation=&#8221;none&#8221;][\/vc_column_inner][vc_column_inner width=&#8221;1\/3&#8243;][vc_single_image image=&#8221;25967&#8243; img_size=&#8221;large&#8221; onclick=&#8221;custom_link&#8221; img_link_target=&#8221;_blank&#8221; css=&#8221;&#8221; css_animation=&#8221;none&#8221; link=&#8221;http:\/\/cela.edu.mx\/primercontacto&#8221;][\/vc_column_inner][vc_column_inner width=&#8221;1\/3&#8243;][vc_single_image image=&#8221;25968&#8243; img_size=&#8221;large&#8221; alignment=&#8221;center&#8221; onclick=&#8221;custom_link&#8221; css=&#8221;&#8221; link=&#8221;https:\/\/cela.edu.mx\/preparatoria\/requisitos-de-admision\/&#8221;][\/vc_column_inner][\/vc_row_inner][vc_row_inner equal_height=&#8221;yes&#8221; content_placement=&#8221;middle&#8221; css=&#8221;.vc_custom_1774471590164{background-color: #53A4DF !important;}&#8221;][vc_column_inner][vc_single_image image=&#8221;26043&#8243; img_size=&#8221;full&#8221; alignment=&#8221;center&#8221; css=&#8221;&#8221;]<div class=\"preloader\"><div class=\"preloader-spin\"><\/div><\/div><div class=\"size-medium style2 gem-testimonials fullwidth-block random-order\" data-autoscroll=\"2000\" style=background-color:> <div id=\"post-26047\" class=\"gem-testimonial-item post-26047 thegem_testimonial type-thegem_testimonial status-publish\"> <div class=\"gem-testimonial-wrapper \"> <div class=\"gem-testimonial-image\"> <\/div> <div class=\"gem-testimonial-content\"> <div class=\"gem-testimonial-name\" >Marijo RC<\/div> <div class=\"gem-testimonial-text\" > <p><span style=\"color: #000000;\">&#8220;\u00a1S\u00faper!, La formaci\u00f3n del CELA junto con el examen de Cambridge me facilit\u00f3 el ser admitida en una universidad extranjera y actualmente laborar en el extranjero&#8221;.<\/span><\/p> <\/div> <\/div> <\/div> <\/div> <div id=\"post-26050\" class=\"gem-testimonial-item post-26050 thegem_testimonial type-thegem_testimonial status-publish\"> <div class=\"gem-testimonial-wrapper \"> <div class=\"gem-testimonial-image\"> <\/div> <div class=\"gem-testimonial-content\"> <div class=\"gem-testimonial-name\" >Asesoriasliceomid<\/div> <div class=\"gem-testimonial-text\" > <p><span style=\"color: #000000;\">&#8220;Excelente bachillerato, felicidades por su alto rendimiento, temas y valores. Adem\u00e1s del trato con los alumnos y atenci\u00f3n hacia ellos es muy recomendable&#8221;.<\/span><\/p> <\/div> <\/div> <\/div> <\/div> <div id=\"post-26055\" class=\"gem-testimonial-item post-26055 thegem_testimonial type-thegem_testimonial status-publish\"> <div class=\"gem-testimonial-wrapper \"> <div class=\"gem-testimonial-image\"> <\/div> <div class=\"gem-testimonial-content\"> <div class=\"gem-testimonial-name\" >Liliana Andrade<\/div> <div class=\"gem-testimonial-text\" > <div><span style=\"color: #000000;\">&#8220;Los maestros, ese es el valor m\u00e1s grande de la prepa CELA &lt;3&#8221;.<\/span><\/div>\n<div><\/div> <\/div> <\/div> <\/div> <\/div> <div id=\"post-26057\" class=\"gem-testimonial-item post-26057 thegem_testimonial type-thegem_testimonial status-publish\"> <div class=\"gem-testimonial-wrapper \"> <div class=\"gem-testimonial-image\"> <\/div> <div class=\"gem-testimonial-content\"> <div class=\"gem-testimonial-name\" >Elsa Mirella Chi Lavadores<\/div> <div class=\"gem-testimonial-text\" > <p>&#8220;Emiliano y Aldo Wicab Mendoza te recomiendan prepa CELA&#8221;.<\/p> <\/div> <\/div> <\/div> <\/div> <div id=\"post-26058\" class=\"gem-testimonial-item post-26058 thegem_testimonial type-thegem_testimonial status-publish\"> <div class=\"gem-testimonial-wrapper \"> <div class=\"gem-testimonial-image\"> <\/div> <div class=\"gem-testimonial-content\"> <div class=\"gem-testimonial-name\" >Elsa Mirella Chi Lavadores<\/div> <div class=\"gem-testimonial-text\" > <p>&#8220;Excelente preparatoria, en esta escuela estudian mis nietos, se las recomiendo&#8221;.<\/p> <\/div> <\/div> <\/div> <\/div> <div id=\"post-26059\" class=\"gem-testimonial-item post-26059 thegem_testimonial type-thegem_testimonial status-publish\"> <div class=\"gem-testimonial-wrapper \"> <div class=\"gem-testimonial-image\"> <\/div> <div class=\"gem-testimonial-content\"> <div class=\"gem-testimonial-name\" >Ina Alejandra Beristain Navarrete<\/div> <div class=\"gem-testimonial-text\" > <div>&#8220;Es una prepa donde la orientaci\u00f3n vocacional es personalizada y eso le ayud\u00f3 a determinar qu\u00e9 carrera estudiar, vale mucho la pena la experiencia CELA&#8221;.<\/div> <\/div> <\/div> <\/div> <\/div> <div id=\"post-26060\" class=\"gem-testimonial-item post-26060 thegem_testimonial type-thegem_testimonial status-publish\"> <div class=\"gem-testimonial-wrapper \"> <div class=\"gem-testimonial-image\"> <\/div> <div class=\"gem-testimonial-content\"> <div class=\"gem-testimonial-name\" >Adriana Atilano<\/div> <div class=\"gem-testimonial-text\" > <div>&#8220;La recomiendo ampliamente, mis 3 hijos estudiaron ah\u00ed, les ayud\u00f3 mucho&#8221;.<\/div> <\/div> <\/div> <\/div> <\/div> <div id=\"post-26061\" class=\"gem-testimonial-item post-26061 thegem_testimonial type-thegem_testimonial status-publish\"> <div class=\"gem-testimonial-wrapper \"> <div class=\"gem-testimonial-image\"> <\/div> <div class=\"gem-testimonial-content\"> <div class=\"gem-testimonial-name\" >Eugenia Medina Alonzo<\/div> <div class=\"gem-testimonial-text\" > <div>&#8220;Excelente preparatoria, muy recomendable&#8221;.<\/div> <\/div> <\/div> <\/div> <\/div> <div id=\"post-26062\" class=\"gem-testimonial-item post-26062 thegem_testimonial type-thegem_testimonial status-publish\"> <div class=\"gem-testimonial-wrapper \"> <div class=\"gem-testimonial-image\"> <\/div> <div class=\"gem-testimonial-content\"> <div class=\"gem-testimonial-name\" >Ame L\u00f3pez<\/div> <div class=\"gem-testimonial-text\" > <div>&#8220;Ampliamente recomendable, excelente instituci\u00f3n&#8221;.<\/div> <\/div> <\/div> <\/div> <\/div> <div id=\"post-26063\" class=\"gem-testimonial-item post-26063 thegem_testimonial type-thegem_testimonial status-publish\"> <div class=\"gem-testimonial-wrapper \"> <div class=\"gem-testimonial-image\"> <\/div> <div class=\"gem-testimonial-content\"> <div class=\"gem-testimonial-name\" >Jimena Mej\u00eda<\/div> <div class=\"gem-testimonial-text\" > <div>&#8220;La formaci\u00f3n que ofrece es muy integral y completa y al estar en la universidad notas cuando alguien estudi\u00f3 en el CELA se nota en los trabajos, en las presentaciones profesionales&#8230;&#8221;<\/div> <\/div> <\/div> <\/div> <\/div> <div class=\"testimonials_svg\"><svg style=\"fill: \" width=\"100\" height=\"50\"><path d=\"M 0,-1 Q 45,5 50,50 Q 55,5 100,-1\" \/><\/svg><\/div><\/div>[\/vc_column_inner][\/vc_row_inner][vc_row_inner equal_height=&#8221;yes&#8221; content_placement=&#8221;middle&#8221; css=&#8221;.vc_custom_1774029475784{background-color: #B6E6F8 !important;background-position: center !important;background-repeat: no-repeat !important;background-size: cover !important;}&#8221;][vc_column_inner][vc_single_image image=&#8221;25978&#8243; img_size=&#8221;full&#8221; alignment=&#8221;center&#8221; css=&#8221;&#8221;][\/vc_column_inner][vc_column_inner width=&#8221;1\/5&#8243;][vc_single_image image=&#8221;25980&#8243; img_size=&#8221;full&#8221; alignment=&#8221;center&#8221; css=&#8221;&#8221;][\/vc_column_inner][vc_column_inner width=&#8221;1\/5&#8243;][vc_single_image image=&#8221;25981&#8243; img_size=&#8221;full&#8221; alignment=&#8221;center&#8221; css=&#8221;&#8221;][\/vc_column_inner][vc_column_inner width=&#8221;1\/5&#8243;][vc_single_image image=&#8221;26007&#8243; img_size=&#8221;full&#8221; alignment=&#8221;center&#8221; css=&#8221;&#8221;][\/vc_column_inner][vc_column_inner width=&#8221;1\/5&#8243;][vc_single_image image=&#8221;25984&#8243; img_size=&#8221;full&#8221; alignment=&#8221;center&#8221;][\/vc_column_inner][vc_column_inner width=&#8221;1\/5&#8243;][vc_single_image image=&#8221;25985&#8243; img_size=&#8221;full&#8221; alignment=&#8221;center&#8221;][\/vc_column_inner][vc_column_inner width=&#8221;1\/5&#8243;][vc_single_image image=&#8221;26008&#8243; img_size=&#8221;full&#8221; alignment=&#8221;center&#8221; css=&#8221;&#8221;][\/vc_column_inner][vc_column_inner width=&#8221;1\/5&#8243;][vc_single_image image=&#8221;25990&#8243; img_size=&#8221;full&#8221; alignment=&#8221;center&#8221; css=&#8221;&#8221;][\/vc_column_inner][vc_column_inner width=&#8221;1\/5&#8243;][vc_single_image image=&#8221;26015&#8243; img_size=&#8221;full&#8221; alignment=&#8221;center&#8221; css=&#8221;&#8221;][\/vc_column_inner][vc_column_inner width=&#8221;1\/5&#8243;][vc_single_image image=&#8221;26010&#8243; img_size=&#8221;full&#8221; alignment=&#8221;center&#8221; css=&#8221;&#8221;][\/vc_column_inner][vc_column_inner width=&#8221;1\/5&#8243;][vc_single_image image=&#8221;26011&#8243; img_size=&#8221;full&#8221; alignment=&#8221;center&#8221; css=&#8221;&#8221;][\/vc_column_inner][\/vc_row_inner][vc_row_inner equal_height=&#8221;yes&#8221; content_placement=&#8221;middle&#8221; css=&#8221;.vc_custom_1774450061618{background-color: #FFFFFF !important;background-position: center !important;background-repeat: no-repeat !important;background-size: cover !important;}&#8221;][vc_column_inner][vc_single_image image=&#8221;26041&#8243; img_size=&#8221;full&#8221; alignment=&#8221;center&#8221; css=&#8221;&#8221;][vc_column_text css=&#8221;&#8221;]\t\t<div id=\"instagram-gallery-feed-2\" class=\"instagram-gallery-feed\" data-feed=\"{&quot;id&quot;:2,&quot;account_id&quot;:&quot;5116064238499337&quot;,&quot;source&quot;:&quot;username&quot;,&quot;tag&quot;:&quot;wordpress&quot;,&quot;order_by&quot;:&quot;top_media&quot;,&quot;layout&quot;:&quot;carousel&quot;,&quot;limit&quot;:6,&quot;columns&quot;:5,&quot;spacing&quot;:10,&quot;lazy&quot;:false,&quot;responsive&quot;:{&quot;desktop&quot;:{&quot;columns&quot;:3,&quot;spacing&quot;:10},&quot;tablet&quot;:{&quot;columns&quot;:2,&quot;spacing&quot;:8},&quot;mobile&quot;:{&quot;columns&quot;:1,&quot;spacing&quot;:6},&quot;breakpoints&quot;:{&quot;tablet&quot;:768,&quot;mobile&quot;:480}},&quot;aspect_ratio&quot;:{&quot;width&quot;:1,&quot;height&quot;:1},&quot;highlight&quot;:{&quot;tag&quot;:&quot;&quot;,&quot;id&quot;:&quot;&quot;,&quot;position&quot;:&quot;1,3,5&quot;},&quot;reel&quot;:{&quot;hide&quot;:false},&quot;copyright&quot;:{&quot;hide&quot;:false,&quot;placeholder&quot;:&quot;&quot;},&quot;profile&quot;:{&quot;display&quot;:false,&quot;username&quot;:&quot;&quot;,&quot;nickname&quot;:&quot;&quot;,&quot;website&quot;:&quot;&quot;,&quot;biography&quot;:&quot;&quot;,&quot;link_text&quot;:&quot;Follow&quot;,&quot;website_text&quot;:&quot;Website&quot;,&quot;avatar&quot;:&quot;&quot;},&quot;box&quot;:{&quot;display&quot;:false,&quot;padding&quot;:1,&quot;radius&quot;:0,&quot;background&quot;:&quot;#fefefe&quot;,&quot;profile&quot;:false,&quot;desc&quot;:&quot;&quot;,&quot;text_color&quot;:&quot;#000000&quot;},&quot;mask&quot;:{&quot;display&quot;:true,&quot;background&quot;:&quot;#000000&quot;,&quot;icon_color&quot;:&quot;#ffffff&quot;,&quot;likes_count&quot;:true,&quot;comments_count&quot;:true},&quot;card&quot;:{&quot;display&quot;:false,&quot;radius&quot;:1,&quot;font_size&quot;:12,&quot;background&quot;:&quot;#ffffff&quot;,&quot;background_hover&quot;:&quot;&quot;,&quot;text_color&quot;:&quot;#000000&quot;,&quot;padding&quot;:5,&quot;likes_count&quot;:false,&quot;text_length&quot;:10,&quot;comments_count&quot;:false,&quot;text_align&quot;:&quot;left&quot;},&quot;carousel&quot;:{&quot;centered_slides&quot;:false,&quot;autoplay&quot;:false,&quot;autoplay_interval&quot;:3000,&quot;navarrows&quot;:true,&quot;navarrows_color&quot;:&quot;&quot;,&quot;pagination&quot;:true,&quot;pagination_color&quot;:&quot;&quot;},&quot;modal&quot;:{&quot;display&quot;:true,&quot;profile&quot;:false,&quot;media_description&quot;:true,&quot;likes_count&quot;:true,&quot;comments_count&quot;:true,&quot;comments_list&quot;:false,&quot;text_align&quot;:&quot;left&quot;,&quot;modal_align&quot;:&quot;right&quot;,&quot;text_length&quot;:10000,&quot;font_size&quot;:12},&quot;button&quot;:{&quot;display&quot;:false,&quot;text&quot;:&quot;View on Instagram&quot;,&quot;text_color&quot;:&quot;#ffff&quot;,&quot;background&quot;:&quot;&quot;,&quot;background_hover&quot;:&quot;&quot;},&quot;button_load&quot;:{&quot;display&quot;:false,&quot;text&quot;:&quot;Load more...&quot;,&quot;text_color&quot;:&quot;#ffff&quot;,&quot;background&quot;:&quot;&quot;,&quot;background_hover&quot;:&quot;&quot;}}\">\n\t\t<!-- <FeedContainer\/> -->\n\t\t<\/div>\n\t\t[\/vc_column_text][vc_gmaps link=&#8221;#E-8_JTNDaWZyYW1lJTIwc3JjJTNEJTIyaHR0cHMlM0ElMkYlMkZ3d3cuZ29vZ2xlLmNvbSUyRm1hcHMlMkZlbWJlZCUzRnBiJTNEJTIxMW0xOCUyMTFtMTIlMjExbTMlMjExZDEzMTYuODE0OTA5MDgyMjI2NyUyMTJkLTg5LjU3MTU5NDk1NDExNTI4JTIxM2QyMS4wMTIwNjk2NDM0MTY0NDYlMjEybTMlMjExZjAlMjEyZjAlMjEzZjAlMjEzbTIlMjExaTEwMjQlMjEyaTc2OCUyMTRmMTMuMSUyMTNtMyUyMTFtMiUyMTFzMHg4ZjU2NzczODM1NWI5MGU5JTI1M0EweDk1YjJhOGM1ZmNjMTE0MWUlMjEyc0NlbnRybyUyNTIwZGUlMjUyMEVzdHVkaW9zJTI1MjBkZSUyNTIwbGFzJTI1MjBBbWVyaWNhcyUyNTIwQ0VMQSUyMTVlMCUyMTNtMiUyMTFzZXMlMjEyc214JTIxNHYxNjY1NzU0NzYxNjg1JTIxNW0yJTIxMXNlcyUyMTJzbXglMjIlMjB3aWR0aCUzRCUyMjYwMCUyMiUyMGhlaWdodCUzRCUyMjQ1MCUyMiUyMHN0eWxlJTNEJTIyYm9yZGVyJTNBMCUzQiUyMiUyMGFsbG93ZnVsbHNjcmVlbiUzRCUyMiUyMiUyMGxvYWRpbmclM0QlMjJsYXp5JTIyJTIwcmVmZXJyZXJwb2xpY3klM0QlMjJuby1yZWZlcnJlci13aGVuLWRvd25ncmFkZSUyMiUzRSUzQyUyRmlmcmFtZSUzRQ==&#8221;][\/vc_column_inner][\/vc_row_inner][vc_row_inner css=&#8221;.vc_custom_1774450074242{background-color: #FFFFFF !important;background-position: center !important;background-repeat: no-repeat !important;background-size: cover !important;}&#8221;][vc_column_inner width=&#8221;1\/3&#8243;][vc_single_image image=&#8221;26034&#8243; img_size=&#8221;full&#8221; alignment=&#8221;center&#8221; onclick=&#8221;custom_link&#8221; css=&#8221;&#8221; link=&#8221;https:\/\/www.facebook.com\/prepacela&#8221;][\/vc_column_inner][vc_column_inner width=&#8221;1\/3&#8243;][vc_single_image image=&#8221;26035&#8243; img_size=&#8221;full&#8221; alignment=&#8221;center&#8221; onclick=&#8221;custom_link&#8221; css=&#8221;&#8221; link=&#8221;https:\/\/www.instagram.com\/prepa_cela\/&#8221;][\/vc_column_inner][vc_column_inner width=&#8221;1\/3&#8243;][vc_single_image image=&#8221;26036&#8243; img_size=&#8221;full&#8221; alignment=&#8221;center&#8221; onclick=&#8221;custom_link&#8221; css=&#8221;&#8221; link=&#8221;https:\/\/www.tiktok.com\/@preparatoriacela&#8221;][\/vc_column_inner][\/vc_row_inner][vc_single_image image=&#8221;26029&#8243; img_size=&#8221;full&#8221; alignment=&#8221;center&#8221;][\/vc_column][\/vc_row]<\/p>\n<\/div>","protected":false},"excerpt":{"rendered":"<p>[vc_row full_width=&#8221;stretch_row_content_no_spaces&#8221;][vc_column][vc_row_inner][vc_column_inner][\/vc_column_inner][\/vc_row_inner][vc_column_inner][\/vc_column_inner][vc_row_inner][vc_column_inner][\/vc_column_inner][vc_single_image image=&#8221;25959&#8243; img_size=&#8221;full&#8221; alignment=&#8221;center&#8221; css=&#8221;&#8221; css_animation=&#8221;fadeInUp&#8221;][\/vc_row_inner][vc_column_inner][\/vc_column_inner][vc_single_image image=&#8221;25963&#8243; img_size=&#8221;full&#8221; css=&#8221;&#8221; css_animation=&#8221;fadeInDownBig&#8221;][vc_row_inner equal_height=&#8221;yes&#8221; content_placement=&#8221;middle&#8221;][vc_column_inner][vc_single_image image=&#8221;25965&#8243; img_size=&#8221;full&#8221; alignment=&#8221;center&#8221; css=&#8221;&#8221;][\/vc_column_inner][vc_column_inner width=&#8221;1\/3&#8243;][vc_single_image image=&#8221;25966&#8243; img_size=&#8221;large&#8221;&#8230;<\/p>\n","protected":false},"author":1,"featured_media":0,"parent":0,"menu_order":0,"comment_status":"closed","ping_status":"closed","template":"","meta":{"footnotes":""},"class_list":["post-24800","page","type-page","status-publish"],"_links":{"self":[{"href":"https:\/\/cela.edu.mx\/preparatoria\/wp-json\/wp\/v2\/pages\/24800","targetHints":{"allow":["GET"]}}],"collection":[{"href":"https:\/\/cela.edu.mx\/preparatoria\/wp-json\/wp\/v2\/pages"}],"about":[{"href":"https:\/\/cela.edu.mx\/preparatoria\/wp-json\/wp\/v2\/types\/page"}],"author":[{"embeddable":true,"href":"https:\/\/cela.edu.mx\/preparatoria\/wp-json\/wp\/v2\/users\/1"}],"replies":[{"embeddable":true,"href":"https:\/\/cela.edu.mx\/preparatoria\/wp-json\/wp\/v2\/comments?post=24800"}],"version-history":[{"count":0,"href":"https:\/\/cela.edu.mx\/preparatoria\/wp-json\/wp\/v2\/pages\/24800\/revisions"}],"wp:attachment":[{"href":"https:\/\/cela.edu.mx\/preparatoria\/wp-json\/wp\/v2\/media?parent=24800"}],"curies":[{"name":"wp","href":"https:\/\/api.w.org\/{rel}","templated":true}]}}