{"id":24516,"date":"2021-11-08T02:00:32","date_gmt":"2021-11-08T02:00:32","guid":{"rendered":"https:\/\/cela.edu.mx\/preparatoria\/?page_id=24516"},"modified":"2025-02-10T14:17:04","modified_gmt":"2025-02-10T14:17:04","slug":"historia2","status":"publish","type":"page","link":"https:\/\/cela.edu.mx\/preparatoria\/historia2\/","title":{"rendered":"Historia"},"content":{"rendered":"<div class=\"wpb-content-wrapper\"><p>[vc_row full_width=&#8221;stretch_row_content_no_spaces&#8221;][vc_column width=&#8221;1\/3&#8243;][\/vc_column][vc_column width=&#8221;1\/3&#8243;][vc_column_text]<\/p>\n<h3 style=\"text-align: center;\">HISTORIA<\/h3>\n<p style=\"text-align: justify;\">El Centro de Estudios de las Am\u00e9ricas es una instituci\u00f3n educativa con m\u00e1s de 37 a\u00f1os de trayectoria en el estado de Yucat\u00e1n que se especializa en la impartici\u00f3n de programas acad\u00e9micos de excelencia desde educaci\u00f3n inicial hasta el nivel superior. En los \u00faltimos treinta a\u00f1os se ha especializado en las \u00e1reas de educaci\u00f3n b\u00e1sica y media superior ofreciendo programas de estudio de alto rendimiento biling\u00fces y biculturales ingl\u00e9s-espa\u00f1ol cuidando el desarrollo integral de los y las estudiantes, respetando sus diferencias individuales y teniendo como base los valores humanos universales que contribuyen a la formaci\u00f3n de ciudadanos del mundo.<\/p>\n<p>[\/vc_column_text][vc_single_image image=&#8221;24539&#8243; img_size=&#8221;full&#8221; alignment=&#8221;center&#8221;][\/vc_column][vc_column width=&#8221;1\/3&#8243;][\/vc_column][\/vc_row]<\/p>\n<\/div>","protected":false},"excerpt":{"rendered":"<p>[vc_row full_width=&#8221;stretch_row_content_no_spaces&#8221;][vc_column width=&#8221;1\/3&#8243;][\/vc_column][vc_column width=&#8221;1\/3&#8243;][vc_column_text] HISTORIA El Centro de Estudios de las Am\u00e9ricas es una instituci\u00f3n educativa con m\u00e1s de 37&#8230;<\/p>\n","protected":false},"author":1,"featured_media":0,"parent":0,"menu_order":0,"comment_status":"closed","ping_status":"closed","template":"","meta":{"footnotes":""},"class_list":["post-24516","page","type-page","status-publish"],"_links":{"self":[{"href":"https:\/\/cela.edu.mx\/preparatoria\/wp-json\/wp\/v2\/pages\/24516","targetHints":{"allow":["GET"]}}],"collection":[{"href":"https:\/\/cela.edu.mx\/preparatoria\/wp-json\/wp\/v2\/pages"}],"about":[{"href":"https:\/\/cela.edu.mx\/preparatoria\/wp-json\/wp\/v2\/types\/page"}],"author":[{"embeddable":true,"href":"https:\/\/cela.edu.mx\/preparatoria\/wp-json\/wp\/v2\/users\/1"}],"replies":[{"embeddable":true,"href":"https:\/\/cela.edu.mx\/preparatoria\/wp-json\/wp\/v2\/comments?post=24516"}],"version-history":[{"count":0,"href":"https:\/\/cela.edu.mx\/preparatoria\/wp-json\/wp\/v2\/pages\/24516\/revisions"}],"wp:attachment":[{"href":"https:\/\/cela.edu.mx\/preparatoria\/wp-json\/wp\/v2\/media?parent=24516"}],"curies":[{"name":"wp","href":"https:\/\/api.w.org\/{rel}","templated":true}]}}